{"id":3453,"date":"2024-02-29T11:37:24","date_gmt":"2024-02-29T10:37:24","guid":{"rendered":"https:\/\/nebolus.net\/kurs-liderleri-icin-kayit\/"},"modified":"2024-04-25T10:58:46","modified_gmt":"2024-04-25T09:58:46","slug":"kurs-liderleri-icin-kayit","status":"publish","type":"page","link":"https:\/\/nebolus.net\/tr\/kurs-liderleri-icin-kayit\/","title":{"rendered":"Kurs liderleri i\u00e7in kay\u0131t"},"content":{"rendered":"\n\n\t<div id=\"tutor-registration-wrap\">\n\n\t\t\n\t\t<form method=\"post\" enctype=\"multipart\/form-data\" id=\"tutor-registration-form\">\n\n\t\t\t\n\t\t\t<input type=\"hidden\" id=\"_tutor_nonce\" name=\"_tutor_nonce\" value=\"0d7292f36d\" \/><input type=\"hidden\" name=\"_wp_http_referer\" value=\"\/tr\/wp-json\/wp\/v2\/pages\/3453\" \/>\t\t\t<input type=\"hidden\" value=\"tutor_register_instructor\" name=\"tutor_action\"\/>\n\n\t\t\t\n\t\t\t<div class=\"tutor-form-row\">\n\t\t\t\t<div class=\"tutor-form-col-6\">\n\t\t\t\t\t<div class=\"tutor-form-group\">\n\t\t\t\t\t\t<label>\n\t\t\t\t\t\t\tAd\u0131\t\t\t\t\t\t<\/label>\n\n\t\t\t\t\t\t<input type=\"text\" name=\"first_name\" value=\"\" placeholder=\"Ad\u0131\" required autocomplete=\"given-name\">\n\t\t\t\t\t<\/div>\n\t\t\t\t<\/div>\n\n\t\t\t\t<div class=\"tutor-form-col-6\">\n\t\t\t\t\t<div class=\"tutor-form-group\">\n\t\t\t\t\t\t<label>\n\t\t\t\t\t\t\tSoyad\u0131\t\t\t\t\t\t<\/label>\n\n\t\t\t\t\t\t<input type=\"text\" name=\"last_name\" value=\"\" placeholder=\"Soyad\u0131\" required autocomplete=\"family-name\">\n\t\t\t\t\t<\/div>\n\t\t\t\t<\/div>\n\n\n\t\t\t<\/div>\n\n\t\t\t<div class=\"tutor-form-row\">\n\n\t\t\t\t<div class=\"tutor-form-col-6\">\n\t\t\t\t\t<div class=\"tutor-form-group\">\n\t\t\t\t\t\t<label>\n\t\t\t\t\t\t\tKullan\u0131c\u0131 Ad\u0131\t\t\t\t\t\t<\/label>\n\n\t\t\t\t\t\t<input type=\"text\" name=\"user_login\" class=\"tutor_user_name\" value=\"\" placeholder=\"Kullan\u0131c\u0131 Ad\u0131\" required autocomplete=\"username\">\n\t\t\t\t\t<\/div>\n\t\t\t\t<\/div>\n\n\t\t\t\t<div class=\"tutor-form-col-6\">\n\t\t\t\t\t<div class=\"tutor-form-group\">\n\t\t\t\t\t\t<label>\n\t\t\t\t\t\t\tE-Posta\t\t\t\t\t\t<\/label>\n\n\t\t\t\t\t\t<input type=\"text\" name=\"email\" value=\"\" placeholder=\"E-Posta\" required autocomplete=\"email\">\n\t\t\t\t\t<\/div>\n\t\t\t\t<\/div>\n\n\t\t\t<\/div>\n\n\t\t\t<div class=\"tutor-form-row\">\n\t\t\t\t<div class=\"tutor-form-col-6\">\n\t\t\t\t\t<div class=\"tutor-form-group\">\n\t\t\t\t\t\t<div class=\"tutor-password-strength-checker\">\n\t\t\t\t\t\t\t<div class=\"tutor-password-field\">\n\t\t\t\t\t\t\t\t<label>\n\t\t\t\t\t\t\t\t\t\u015eifre\t\t\t\t\t\t\t\t<\/label>\n\n\t\t\t\t\t\t\t\t<input class=\"password-checker\" id=\"tutor-new-password\" type=\"password\" name=\"password\" value=\"\" placeholder=\"\u015eifre\" required autocomplete=\"new-password\">\n\t\t\t\t\t\t\t\t<span class=\"show-hide-btn\"><\/span>\n\t\t\t\t\t\t\t<\/div>\n\t\t\t\t\t\t\t<div class=\"tutor-password-strength-hint\">\n\t\t\t\t\t\t\t\t<div class=\"indicator\">\n\t\t\t\t\t\t\t\t\t<span class=\"weak\"><\/span>\n\t\t\t\t\t\t\t\t\t<span class=\"medium\"><\/span>\n\t\t\t\t\t\t\t\t\t<span class=\"strong\"><\/span>\n\t\t\t\t\t\t\t\t<\/div>\n\t\t\t\t\t\t\t\t<div class=\"text tutor-fs-7 tutor-color-muted\"><\/div>\n\t\t\t\t\t\t\t<\/div>\n\t\t\t\t\t\t<\/div>\n\t\t\t\t\t<\/div>\n\t\t\t\t<\/div>\n\n\t\t\t\t<div class=\"tutor-form-col-6\">\n\t\t\t\t\t<div class=\"tutor-form-group\">\n\t\t\t\t\t\t<label>\n\t\t\t\t\t\t\tParola Do\u011frulama\t\t\t\t\t\t<\/label>\n\n\t\t\t\t\t\t<div class=\"tutor-form-wrap\">\n\t\t\t\t\t\t\t<span class=\"tutor-validation-icon tutor-icon-mark tutor-color-success tutor-form-icon tutor-form-icon-reverse\" style=\"display: none;\"><\/span>\n\t\t\t\t\t\t\t<input type=\"password\" name=\"password_confirmation\" value=\"\" placeholder=\"\u015eifre Do\u011frulama\" required autocomplete=\"new-password\" style=\"margin-bottom: 0;\">\n\t\t\t\t\t\t<\/div>\n\t\t\t\t\t<\/div>\n\t\t\t\t<\/div>\n\t\t\t<\/div>\n\n\t\t\t<div class=\"tutor-form-row\">\n\t\t\t\t<div class=\"tutor-form-col-12\">\n\t\t\t\t\t<div class=\"tutor-form-group\">\n\t\t\t\t\t\t\t\t\t<script src=\"https:\/\/www.google.com\/recaptcha\/api.js?render=6LdTDpYsAAAAAGoVY0SNkIhldqQXa9KvZraFFt-O\"><\/script>\n\t\t\t\n\t\t\t<input type=\"hidden\" id=\"recaptcha_token\" name=\"recaptcha_token\">\n\t\t\t<script>\n\t\t\t\tgrecaptcha.ready(function() {\n\t\t\t\t\tgrecaptcha.execute('6LdTDpYsAAAAAGoVY0SNkIhldqQXa9KvZraFFt-O', {action: 'form_submit'}).then(function(token) {\n\t\t\t\t\t\tdocument.getElementById('recaptcha_token').value = token;\n\t\t\t\t\t});\n\t\t\t\t});\n\t\t\t<\/script>\n\t\t\t\t\t\t\t\t<\/div>\n\t\t\t\t<\/div>\n\t\t\t<\/div> \n\n\t\t\t\n\t\t\t\n\t\t\t\n\t\t\t<div>\n\t\t\t\t<button type=\"submit\" name=\"tutor_register_instructor_btn\" value=\"register\" class=\"tutor-btn tutor-btn-primary tutor-btn-block\">E\u011fitmen olarak kaydol<\/button>\n\t\t\t<\/div>\n\t\t\t\n\t\t<\/form>\n\t\t\t<\/div>\n\n\t\n","protected":false},"excerpt":{"rendered":"","protected":false},"author":6,"featured_media":0,"parent":0,"menu_order":0,"comment_status":"closed","ping_status":"closed","template":"","meta":{"_acf_changed":false,"inline_featured_image":false,"footnotes":""},"class_list":["post-3453","page","type-page","status-publish","hentry"],"acf":[],"_links":{"self":[{"href":"https:\/\/nebolus.net\/tr\/wp-json\/wp\/v2\/pages\/3453","targetHints":{"allow":["GET"]}}],"collection":[{"href":"https:\/\/nebolus.net\/tr\/wp-json\/wp\/v2\/pages"}],"about":[{"href":"https:\/\/nebolus.net\/tr\/wp-json\/wp\/v2\/types\/page"}],"author":[{"embeddable":true,"href":"https:\/\/nebolus.net\/tr\/wp-json\/wp\/v2\/users\/6"}],"replies":[{"embeddable":true,"href":"https:\/\/nebolus.net\/tr\/wp-json\/wp\/v2\/comments?post=3453"}],"version-history":[{"count":1,"href":"https:\/\/nebolus.net\/tr\/wp-json\/wp\/v2\/pages\/3453\/revisions"}],"predecessor-version":[{"id":3454,"href":"https:\/\/nebolus.net\/tr\/wp-json\/wp\/v2\/pages\/3453\/revisions\/3454"}],"wp:attachment":[{"href":"https:\/\/nebolus.net\/tr\/wp-json\/wp\/v2\/media?parent=3453"}],"curies":[{"name":"wp","href":"https:\/\/api.w.org\/{rel}","templated":true}]}}