{"id":3063,"date":"2021-02-23T10:39:26","date_gmt":"2021-02-23T09:39:26","guid":{"rendered":"https:\/\/nebolus.net\/veri-koruma\/"},"modified":"2024-04-25T10:57:47","modified_gmt":"2024-04-25T09:57:47","slug":"veri-koruma","status":"publish","type":"page","link":"https:\/\/nebolus.net\/tr\/veri-koruma\/","title":{"rendered":"Veri koruma"},"content":{"rendered":"<div class=\"fusion-fullwidth fullwidth-box fusion-builder-row-1 fusion-flex-container nonhundred-percent-fullwidth non-hundred-percent-height-scrolling\" style=\"--awb-border-radius-top-left:0px;--awb-border-radius-top-right:0px;--awb-border-radius-bottom-right:0px;--awb-border-radius-bottom-left:0px;--awb-flex-wrap:wrap;\" ><div class=\"fusion-builder-row fusion-row fusion-flex-align-items-flex-start fusion-flex-justify-content-center fusion-flex-content-wrap\" style=\"max-width:1248px;margin-left: calc(-4% \/ 2 );margin-right: calc(-4% \/ 2 );\"><div class=\"fusion-layout-column fusion_builder_column fusion-builder-column-0 fusion_builder_column_3_4 3_4 fusion-flex-column\" style=\"--awb-bg-size:cover;--awb-width-large:75%;--awb-margin-top-large:0px;--awb-spacing-right-large:2.56%;--awb-margin-bottom-large:20px;--awb-spacing-left-large:2.56%;--awb-width-medium:75%;--awb-order-medium:0;--awb-spacing-right-medium:2.56%;--awb-spacing-left-medium:2.56%;--awb-width-small:100%;--awb-order-small:0;--awb-spacing-right-small:1.92%;--awb-spacing-left-small:1.92%;\"><div class=\"fusion-column-wrapper fusion-column-has-shadow fusion-flex-justify-content-flex-start fusion-content-layout-column\"><div class=\"fusion-title title fusion-title-1 fusion-sep-none fusion-title-text fusion-title-size-two\" style=\"--awb-margin-top:6%;--awb-margin-top-small:10px;--awb-margin-right-small:0px;--awb-margin-bottom-small:10px;--awb-margin-left-small:0px;\"><h2 class=\"fusion-title-heading title-heading-left fusion-responsive-typography-calculated\" style=\"margin:0;--fontSize:40;line-height:1.2;\">Nebolus web sitesi ve uygulamas\u0131<\/h2><\/div><div class=\"fusion-title title fusion-title-2 fusion-sep-none fusion-title-text fusion-title-size-four\" style=\"--awb-text-color:#6d6d6d;--awb-margin-top:0px;--awb-margin-bottom:4%;--awb-margin-top-small:10px;--awb-margin-right-small:0px;--awb-margin-bottom-small:10px;--awb-margin-left-small:0px;--awb-font-size:1.5em;\"><h4 class=\"fusion-title-heading title-heading-left fusion-responsive-typography-calculated\" style=\"margin:0;font-size:1em;--fontSize:24;line-height:1.6;\">Durum: Haziran 2021<\/h4><\/div><div class=\"fusion-text fusion-text-1\"><div class=\"fusion-text fusion-text-5\">\n<p>Bu bizim gizlilik politikam\u0131zd\u0131r. Bu, <em>Nebolus <\/em>uygulamas\u0131 ve <em>Nebolus <\/em>web sitesi ile hangi ki\u015fisel verileri toplad\u0131\u011f\u0131m\u0131z\u0131 ve bunlarla ne yapt\u0131\u011f\u0131m\u0131z\u0131 a\u00e7\u0131klar.<\/p>\n<\/div>\n<\/div><div class=\"spacer-20\"><\/div><div class=\"fusion-text fusion-text-2\"><h4 class=\"fusion-responsive-typography-calculated\" style=\"--fontsize: 20; line-height: 1.6; --minfontsize: 20;\" data-fontsize=\"20\" data-lineheight=\"32px\"><strong>1 Ki\u015fisel verilerin kullan\u0131m\u0131 ve if\u015fas\u0131<\/strong><\/h4>\n<p>A\u015fa\u011f\u0131daki ki\u015fisel verileri toplar ve kullan\u0131r\u0131z:<\/p>\n<ul>\n<li>Ak\u0131ll\u0131 telefonun konumu (uygulamay\u0131 kullan\u0131rken)<\/li>\n<\/ul>\n<p>Bu verileri yaln\u0131zca <em>Nebolus <\/em>uygulamas\u0131n\u0131 \u00e7al\u0131\u015f\u0131r hale getirmek ve kullan\u0131c\u0131lara i\u015flevler sa\u011flamak i\u00e7in ve ayr\u0131ca uygulaman\u0131n de\u011ferlendirilmesi ve daha da geli\u015ftirilmesi i\u00e7in kullan\u0131yoruz (bu yaln\u0131zca Fulda Uygulamal\u0131 Bilimler \u00dcniversitesi&#8217;ndeki proje ekibini i\u00e7erir). <a href=\"https:\/\/www.hs-fulda.de\/pg\/ehlastic\">Daha fazlas\u0131n\u0131 \u00f6\u011frenmek<\/a> ister misiniz?<\/p>\n<p><strong>\u00c7ok \u00f6nemli<\/strong>: Verilerinizi do\u011frudan bizim taraf\u0131m\u0131zdan g\u00f6revlendirilmemi\u015f hi\u00e7 kimseye aktarm\u0131yoruz. Ve ba\u015fkalar\u0131n\u0131 yaln\u0131zca do\u011frudan ihtiyac\u0131m\u0131z oldu\u011funda g\u00f6revlendiririz. Buna uygulaman\u0131n geli\u015ftirilmesi ve web sitesinin bar\u0131nd\u0131r\u0131lmas\u0131 da dahildir. Almanya&#8217;da yerle\u015fik her iki y\u00fcklenici ile de veri aktar\u0131m\u0131n\u0131 yasaklayan s\u00f6zle\u015fmeler imzalad\u0131k.<\/p>\n<p>Aksi takdirde, toplanan anonim istatistiksel verileri ara\u015ft\u0131rmalar\u0131m\u0131z ve <em>Nebolus<\/em>&#8216;un i\u015fletilmesi ve daha da geli\u015ftirilmesi i\u00e7in de kullan\u0131r\u0131z. Toplanan verilerin ba\u015fka herhangi bir \u015fekilde, \u00f6zellikle de ticari olarak kullan\u0131m\u0131 hari\u00e7 tutulmu\u015ftur.<\/p>\n<\/div><div class=\"spacer-20\"><\/div><div class=\"fusion-text fusion-text-3\"><h4><strong>2 R\u0131za<\/strong><\/h4>\n<p>Uygulamada, ki\u015fisel verilerinizin aktar\u0131lmas\u0131na ili\u015fkin onay, bu metnin sonundaki &#8220;\u0130Z\u0130N VER&#8221; etiketli d\u00fc\u011fmeye t\u0131klanarak verilir. Uygulamay\u0131 izniniz olmadan kullanamazs\u0131n\u0131z.<\/p>\n<p>Bu izni istedi\u011finiz zaman <a href=\"http:\/\/www.gesetze-im-internet.de\/tmg\/__13.html\">TMG paragraf 2, no. 4<\/a> uyar\u0131nca uygulamay\u0131 silerek iptal edebilirsiniz &#8211; bu durumda art\u0131k veri toplanmayacakt\u0131r. Uygulamay\u0131 izniniz olmadan kullanamazs\u0131n\u0131z.<\/p>\n<\/div><div class=\"spacer-20\"><\/div><div class=\"fusion-text fusion-text-4\"><h4><strong>3 16 Ya\u015f Alt\u0131<\/strong><\/h4>\n<p>16 ya\u015f\u0131ndan k\u00fc\u00e7\u00fckler <em>Nebolus <\/em>uygulamas\u0131n\u0131 kullanmak i\u00e7in ebeveynlerinden veya yasal vasilerinden izin almal\u0131d\u0131r.<\/p>\n<\/div><div class=\"spacer-20\"><\/div><div class=\"fusion-text fusion-text-5\"><h4><strong>4 Veri sahiplerinin haklar\u0131<\/strong><\/h4>\n<p>GDPR&#8217;nin veri sahibi haklar\u0131na ili\u015fkin 15 ila 20. maddeleri, yani bilgi edinme hakk\u0131, d\u00fczeltme, tamamlama, silme, k\u0131s\u0131tlama, bildirim y\u00fck\u00fcml\u00fcl\u00fc\u011f\u00fc ve ta\u015f\u0131nabilirlik) burada \u015fu nedenlerle ge\u00e7erlidir  <a href=\"https:\/\/dsgvo-gesetz.de\/art-11-dsgvo\/\">Madde 11, para. 2 GDPR<\/a>  ve <a href=\"https:\/\/dsgvo-gesetz.de\/erwaegungsgruende\/nr-64\/\">Resital 64 GDPR<\/a> ge\u00e7erli de\u011fildir \u00e7\u00fcnk\u00fc kullan\u0131c\u0131lar\u0131 tan\u0131mlayamay\u0131z. Uygulamay\u0131 kulland\u0131\u011f\u0131n\u0131zda toplad\u0131\u011f\u0131m\u0131z ki\u015fisel veriler konumunuzdur. Daha fazla bilgi olmadan &#8211; ki elimizde yok &#8211; bundan belirli bir ki\u015fi hakk\u0131nda herhangi bir sonu\u00e7 \u00e7\u0131karamay\u0131z. Bu nedenle, herhangi bir belirli ki\u015fiyi tan\u0131mlayamay\u0131z ve bu nedenle veri sahibi haklar\u0131n\u0131 kullanma imkan\u0131 sunamay\u0131z. Herhangi bir sorunuz varsa yine de bizimle ileti\u015fime ge\u00e7ebilirsiniz, a\u015fa\u011f\u0131ya bak\u0131n.<\/p>\n<\/div><div class=\"spacer-20\"><\/div><div class=\"fusion-text fusion-text-6\"><h4><strong>5 Kurabiye<br \/>\n<\/strong><\/h4>\n<p><em>www.nebolus.net<\/em> web sitesini ziyaret etti\u011finizde, bilgisayar\u0131n\u0131zda ge\u00e7ici olarak bir \u00e7erez, yani bir metin dosyas\u0131 depolar\u0131z. \u00c7erezler, kullan\u0131m s\u00fcresi boyunca kullan\u0131c\u0131lar\u0131n internet sitesini rahat\u00e7a kullanabilmeleri i\u00e7in gereklidir. Aksi takdirde, \u00e7erezler istatistiksel analiz i\u00e7in gereklidir, bir sonraki noktaya bak\u0131n. \u00c7erezler son cihazda herhangi bir manip\u00fclasyona neden olamaz ve herhangi bir zamanda manuel olarak silinebilir &#8211; en kolay \u015fekilde taray\u0131c\u0131da. \u00c7erezlerin kullan\u0131m\u0131, \u00e7erezlerin reddedilmesi veya yaln\u0131zca onayland\u0131ktan sonra kabul edilmesi i\u00e7in \u0130nternet taray\u0131c\u0131s\u0131nda bireysel olarak ayarlanabilir.<\/p>\n<\/div><div class=\"spacer-20\"><\/div><div class=\"fusion-text fusion-text-7\"><h4><strong>6 \u0130statistiksel veriler<br \/>\n<\/strong><\/h4>\n<p><em>Matomo <\/em>arac\u0131n\u0131 kullanarak \u00e7e\u015fitli istatistiksel verileri anonim olarak analiz ediyoruz. IP adresi eksik olarak kaydedilir, bu da bu verilerden bireysel ki\u015filer hakk\u0131nda sonu\u00e7 \u00e7\u0131karamayaca\u011f\u0131m\u0131z anlam\u0131na gelir.<\/p>\n<p>Madde 6 temelinde GDPR Madde 1a ve 1e uyar\u0131nca, a\u015fa\u011f\u0131daki istatistiksel verileri toplar\u0131z ve bunlar otomatik olarak makul bir s\u00fcre boyunca, en ge\u00e7 ama\u00e7 art\u0131k ge\u00e7erli olmayana kadar g\u00fcnl\u00fck dosyalar\u0131nda saklan\u0131r:<\/p>\n<p>Web sitesi:<\/p>\n<ul>\n<li aria-level=\"1\">Web sitesine eri\u015fim (tarih, saat ve s\u0131kl\u0131k)<\/li>\n<li aria-level=\"1\">G\u00f6nderilen veri miktar\u0131<\/li>\n<li aria-level=\"1\">Taray\u0131c\u0131 ve taray\u0131c\u0131 s\u00fcr\u00fcm\u00fc<\/li>\n<li aria-level=\"1\">Kullan\u0131lan i\u015fletim sistemi<\/li>\n<li aria-level=\"1\">Kullan\u0131lan telekom\u00fcnikasyon sa\u011flay\u0131c\u0131s\u0131<\/li>\n<li aria-level=\"1\">\u0130nternete ba\u011fland\u0131\u011f\u0131n\u0131zda telekom\u00fcnikasyon sa\u011flay\u0131c\u0131n\u0131z\u0131n son cihaz\u0131n\u0131za atad\u0131\u011f\u0131 eksik, anonimle\u015ftirilmi\u015f IP adresi<\/li>\n<\/ul>\n<p>Uygulama:<\/p>\n<ul>\n<li>Kullan\u0131m tarihi (g\u00fcn olarak)<\/li>\n<li>Toplam s\u00fcre: Hikayenin ba\u015flang\u0131c\u0131ndan hikayenin tamamlanmas\u0131na kadar ge\u00e7en s\u00fcre (uygulama etkile\u015fim s\u00fcresi)<\/li>\n<li>Toplam s\u00fcre: Hikayenin ba\u015flang\u0131c\u0131ndan hikayenin sonuna kadar (ger\u00e7ek zaman)<\/li>\n<li>Ortalama s\u00fcre: Bir istasyonun yar\u0131\u00e7ap\u0131n\u0131n girilmesinden QR kodunun taranmas\u0131na kadar ge\u00e7en s\u00fcre<\/li>\n<li>Ortalama s\u00fcre: \u0130ki istasyon aras\u0131nda ge\u00e7en s\u00fcre<\/li>\n<li>Mesaj men\u00fcs\u00fcnde sesli mesajlar\u0131n ka\u00e7 kez dinlenece\u011fi<\/li>\n<li>\u0130stasyon a\u00e7\u0131klamas\u0131nda ba\u011flant\u0131lar\u0131n \u00e7a\u011fr\u0131lma say\u0131s\u0131<\/li>\n<li>Tamamlanan gizli istasyon say\u0131s\u0131<\/li>\n<li>Tamamlanan ana istasyon say\u0131s\u0131<\/li>\n<li>Sorun izleme (\u00f6rn. uygulama \u00e7\u00f6kmeleri)<\/li>\n<\/ul>\n<\/div><div class=\"spacer-20\"><\/div><div class=\"fusion-text fusion-text-8\"><h4><strong>7 Anket verileri<br \/>\n<\/strong><\/h4>\n<p>Uygulamaya, sizden kat\u0131lman\u0131z\u0131 isteyebilece\u011fimiz bir anket se\u00e7ene\u011fi ekledik. Kat\u0131l\u0131m g\u00f6n\u00fcll\u00fcl\u00fck esas\u0131na dayanmaktad\u0131r ve kat\u0131lmaman\u0131n herhangi bir dezavantaj\u0131 bulunmamaktad\u0131r. Toplanan verilerden hi\u00e7 kimseyi ki\u015fisel olarak tan\u0131mlayamay\u0131z. Bu nedenle anonimlik garanti alt\u0131ndad\u0131r.<\/p>\n<\/div><div class=\"spacer-20\"><\/div><div class=\"fusion-text fusion-text-9\"><h4><strong>8 Haber B\u00fclteni<br \/>\n<\/strong><\/h4>\n<p>B\u00fcltenimiz sizi Nebolus hakk\u0131ndaki en son haberlerden haberdar eder. Haber b\u00fcltenimize kaydolmak i\u00e7in \u00e7ift kat\u0131l\u0131m prosed\u00fcr\u00fcn\u00fc kullan\u0131yoruz. Bu, kayd\u0131n\u0131zdan sonra verdi\u011finiz e-posta adresine, haber b\u00fcltenini almak istedi\u011finizi onaylaman\u0131z\u0131 istedi\u011fimiz bir e-posta g\u00f6nderece\u011fimiz anlam\u0131na gelir. Ayr\u0131ca, kulland\u0131\u011f\u0131n\u0131z IP adreslerini ve kay\u0131t ve onay zamanlar\u0131n\u0131 da sakl\u0131yoruz. Prosed\u00fcr\u00fcn amac\u0131, kayd\u0131n\u0131z\u0131 do\u011frulamak ve gerekirse ki\u015fisel verilerinizin olas\u0131 k\u00f6t\u00fcye kullan\u0131m\u0131n\u0131 a\u00e7\u0131kl\u0131\u011fa kavu\u015fturmakt\u0131r. Veriler \u00fc\u00e7\u00fcnc\u00fc taraflara aktar\u0131lmayacakt\u0131r. Verilerin aktar\u0131lmas\u0131 i\u00e7in yasal bir zorunluluk olmas\u0131 halinde bir istisna s\u00f6z konusudur. Veriler yaln\u0131zca haber b\u00fclteninin g\u00f6nderilmesi i\u00e7in kullan\u0131lacakt\u0131r. Haber b\u00fclteni aboneli\u011finizi istedi\u011finiz zaman iptal edebilirsiniz. Ki\u015fisel verilerin saklanmas\u0131na ili\u015fkin r\u0131za da her zaman iptal edilebilir. Bu ama\u00e7la, her b\u00fcltende ilgili bir ba\u011flant\u0131 bulacaks\u0131n\u0131z.<\/p>\n<p>Bu veri i\u015flemenin yasal dayana\u011f\u0131 Madde 6 paragraf\u0131d\u0131r. 1 litre. a) GDPR.<\/p>\n<\/div><div class=\"spacer-20\"><\/div><div class=\"fusion-text fusion-text-10\"><h4><strong>9 Gizlilik politikas\u0131ndaki de\u011fi\u015fiklikler<br \/>\n<\/strong><\/h4>\n<p>Bu gizlilik politikas\u0131n\u0131 her zaman g\u00fcncel tutuyoruz. Bu nedenle, bunlar\u0131 zaman zaman de\u011fi\u015ftirme ve verilerinizin toplanmas\u0131, i\u015flenmesi veya kullan\u0131lmas\u0131nda de\u011fi\u015fiklik yapma hakk\u0131m\u0131z\u0131 sakl\u0131 tutar\u0131z. Gizlilik politikas\u0131n\u0131n g\u00fcncel versiyonu her zaman uygulama i\u00e7inde &#8220;Veri koruma&#8221; alt\u0131nda mevcuttur.<\/p>\n<\/div><div class=\"spacer-20\"><\/div><div class=\"fusion-text fusion-text-11 fusion-text-no-margin\" style=\"--awb-margin-bottom:8%;\"><h4><strong>10 \u0130leti\u015fim se\u00e7enekleri<br \/>\n<\/strong><\/h4>\n<p>Herhangi bir sorunuz varsa, l\u00fctfen sorumlu ki\u015fiyle ileti\u015fime ge\u00e7in:<\/p>\n<p>Prof Dr Kevin Dadaczynski<br \/>\nHem\u015firelik ve Sa\u011fl\u0131k B\u00f6l\u00fcm\u00fc, Leipziger Stra\u00dfe 123, 36037 Fulda, e-posta: <a href=\"mailto:kevin.dadaczynski@pg.hs-fulda.de\">kevin.dadaczynski@pg.hs-fulda.de<\/a><\/p>\n<p>Herhangi bir sorunuz varsa, Fulda Uygulamal\u0131 Bilimler \u00dcniversitesi&#8217;ndeki veri koruma g\u00f6revlisi ile de ileti\u015fime ge\u00e7ebilirsiniz:<br \/>\nFulda Uygulamal\u0131 Bilimler \u00dcniversitesi Veri Koruma G\u00f6revlisi, Leipziger Stra\u00dfe 123, 36037 Fulda, e-posta: <a href=\"mailto:datenschutz@hs-fulda.de\">datenschutz@hs-fulda.de<\/a>, telefon: +49 661 9640-1051.<\/p>\n<p>Her iki kurum da gecikmeksizin, ancak en ge\u00e7 bir ay i\u00e7inde bilgi vermekle y\u00fck\u00fcml\u00fcd\u00fcr.<\/p>\n<\/div><\/div><\/div><\/div><\/div>\n","protected":false},"excerpt":{"rendered":"","protected":false},"author":4,"featured_media":0,"parent":0,"menu_order":0,"comment_status":"closed","ping_status":"closed","template":"","meta":{"_acf_changed":false,"inline_featured_image":false,"footnotes":""},"class_list":["post-3063","page","type-page","status-publish","hentry"],"acf":[],"_links":{"self":[{"href":"https:\/\/nebolus.net\/tr\/wp-json\/wp\/v2\/pages\/3063","targetHints":{"allow":["GET"]}}],"collection":[{"href":"https:\/\/nebolus.net\/tr\/wp-json\/wp\/v2\/pages"}],"about":[{"href":"https:\/\/nebolus.net\/tr\/wp-json\/wp\/v2\/types\/page"}],"author":[{"embeddable":true,"href":"https:\/\/nebolus.net\/tr\/wp-json\/wp\/v2\/users\/4"}],"replies":[{"embeddable":true,"href":"https:\/\/nebolus.net\/tr\/wp-json\/wp\/v2\/comments?post=3063"}],"version-history":[{"count":7,"href":"https:\/\/nebolus.net\/tr\/wp-json\/wp\/v2\/pages\/3063\/revisions"}],"predecessor-version":[{"id":3114,"href":"https:\/\/nebolus.net\/tr\/wp-json\/wp\/v2\/pages\/3063\/revisions\/3114"}],"wp:attachment":[{"href":"https:\/\/nebolus.net\/tr\/wp-json\/wp\/v2\/media?parent=3063"}],"curies":[{"name":"wp","href":"https:\/\/api.w.org\/{rel}","templated":true}]}}