{"id":3062,"date":"2021-03-17T12:26:50","date_gmt":"2021-03-17T11:26:50","guid":{"rendered":"https:\/\/nebolus.net\/abonelikten-cik\/"},"modified":"2024-04-25T10:57:50","modified_gmt":"2024-04-25T09:57:50","slug":"abonelikten-cik","status":"publish","type":"page","link":"https:\/\/nebolus.net\/tr\/abonelikten-cik\/","title":{"rendered":"Abonelikten \u00e7\u0131k"},"content":{"rendered":"<div class=\"fusion-fullwidth fullwidth-box fusion-builder-row-1 fusion-flex-container nonhundred-percent-fullwidth non-hundred-percent-height-scrolling\" style=\"--awb-border-radius-top-left:0px;--awb-border-radius-top-right:0px;--awb-border-radius-bottom-right:0px;--awb-border-radius-bottom-left:0px;--awb-flex-wrap:wrap;\" ><div class=\"fusion-builder-row fusion-row fusion-flex-align-items-flex-start fusion-flex-content-wrap\" style=\"max-width:1248px;margin-left: calc(-4% \/ 2 );margin-right: calc(-4% \/ 2 );\"><div class=\"fusion-layout-column fusion_builder_column fusion-builder-column-0 fusion_builder_column_1_1 1_1 fusion-flex-column\" style=\"--awb-bg-size:cover;--awb-width-large:100%;--awb-margin-top-large:0px;--awb-spacing-right-large:1.92%;--awb-margin-bottom-large:20px;--awb-spacing-left-large:1.92%;--awb-width-medium:100%;--awb-order-medium:0;--awb-spacing-right-medium:1.92%;--awb-spacing-left-medium:1.92%;--awb-width-small:100%;--awb-order-small:0;--awb-spacing-right-small:1.92%;--awb-spacing-left-small:1.92%;\"><div class=\"fusion-column-wrapper fusion-column-has-shadow fusion-flex-justify-content-flex-start fusion-content-layout-column\"><script>jQuery(document).ready(function($){\n\t$('.mailpoet_paragraph .mailpoet_checkbox_label:nth-child(2)').append('<span class=\"custom-checkbox\"><\/span>');\n});\n<\/script><div class=\"spacer-160\"><\/div><div class=\"fusion-text fusion-text-1\"><p style=\"text-align: center;\">Abonelik y\u00f6netim sayfas\u0131 ba\u011flant\u0131s\u0131 sadece b\u00fclten listesi abonelerinin kullan\u0131m\u0131 i\u00e7indir.<\/p>\n<\/div><div class=\"spacer-64\"><\/div><\/div><\/div><\/div><\/div>\n","protected":false},"excerpt":{"rendered":"","protected":false},"author":4,"featured_media":0,"parent":0,"menu_order":0,"comment_status":"closed","ping_status":"closed","template":"","meta":{"_acf_changed":false,"inline_featured_image":false,"footnotes":""},"class_list":["post-3062","page","type-page","status-publish","hentry"],"acf":[],"_links":{"self":[{"href":"https:\/\/nebolus.net\/tr\/wp-json\/wp\/v2\/pages\/3062","targetHints":{"allow":["GET"]}}],"collection":[{"href":"https:\/\/nebolus.net\/tr\/wp-json\/wp\/v2\/pages"}],"about":[{"href":"https:\/\/nebolus.net\/tr\/wp-json\/wp\/v2\/types\/page"}],"author":[{"embeddable":true,"href":"https:\/\/nebolus.net\/tr\/wp-json\/wp\/v2\/users\/4"}],"replies":[{"embeddable":true,"href":"https:\/\/nebolus.net\/tr\/wp-json\/wp\/v2\/comments?post=3062"}],"version-history":[{"count":11,"href":"https:\/\/nebolus.net\/tr\/wp-json\/wp\/v2\/pages\/3062\/revisions"}],"predecessor-version":[{"id":3151,"href":"https:\/\/nebolus.net\/tr\/wp-json\/wp\/v2\/pages\/3062\/revisions\/3151"}],"wp:attachment":[{"href":"https:\/\/nebolus.net\/tr\/wp-json\/wp\/v2\/media?parent=3062"}],"curies":[{"name":"wp","href":"https:\/\/api.w.org\/{rel}","templated":true}]}}