{"id":3055,"date":"2021-02-09T11:47:17","date_gmt":"2021-02-09T10:47:17","guid":{"rendered":"https:\/\/nebolus.net\/simdi-katilin\/"},"modified":"2024-04-25T10:56:35","modified_gmt":"2024-04-25T09:56:35","slug":"simdi-katilin","status":"publish","type":"page","link":"https:\/\/nebolus.net\/tr\/simdi-katilin\/","title":{"rendered":"\u015eimdi kat\u0131l\u0131n"},"content":{"rendered":"<p><div class=\"fusion-bg-parallax\" data-bg-align=\"center center\" data-direction=\"up\" data-mute=\"false\" data-opacity=\"100\" data-velocity=\"-0.2\" data-mobile-enabled=\"true\" data-break_parents=\"0\" data-bg-image=\"https:\/\/nebolus.net\/wp-content\/uploads\/2021\/02\/pexels-mary-taylor-5896929-1920-web.jpg\" data-bg-repeat=\"false\" ><\/div><div class=\"fusion-fullwidth fullwidth-box fusion-builder-row-1 fusion-flex-container fusion-parallax-up nonhundred-percent-fullwidth non-hundred-percent-height-scrolling negative-margin-lr dark-overlay\" style=\"--awb-border-radius-top-left:0px;--awb-border-radius-top-right:0px;--awb-border-radius-bottom-right:0px;--awb-border-radius-bottom-left:0px;--awb-padding-top:8%;--awb-padding-right:150px;--awb-padding-bottom:9%;--awb-padding-left:150px;--awb-padding-right-medium:30px;--awb-padding-left-medium:30px;--awb-padding-right-small:30px;--awb-padding-left-small:30px;--awb-background-image:url(&quot;https:\/\/nebolus.net\/wp-content\/uploads\/2021\/02\/pexels-mary-taylor-5896929-1920-web.jpg&quot;);--awb-background-size:cover;--awb-flex-wrap:wrap;\" ><div class=\"fusion-builder-row fusion-row fusion-flex-align-items-flex-end fusion-flex-content-wrap\" style=\"max-width:1248px;margin-left: calc(-4% \/ 2 );margin-right: calc(-4% \/ 2 );\"><div class=\"fusion-layout-column fusion_builder_column fusion-builder-column-0 fusion_builder_column_2_5 2_5 fusion-flex-column\" style=\"--awb-bg-size:cover;--awb-width-large:40%;--awb-margin-top-large:0px;--awb-spacing-right-large:4.8%;--awb-margin-bottom-large:20px;--awb-spacing-left-large:4.8%;--awb-width-medium:100%;--awb-order-medium:0;--awb-spacing-right-medium:1.92%;--awb-spacing-left-medium:1.92%;--awb-width-small:100%;--awb-order-small:0;--awb-spacing-right-small:1.92%;--awb-spacing-left-small:1.92%;\"><div class=\"fusion-column-wrapper fusion-column-has-shadow fusion-flex-justify-content-flex-start fusion-content-layout-column\"><div class=\"fusion-text fusion-text-1\" style=\"--awb-content-alignment:left;--awb-font-size:12px;--awb-text-color:#808080;\"><p>NEBOLUS&#8217;U \u015eI\u0307MDI\u0307 KULLANIN<\/p>\n<\/div><div class=\"fusion-title title fusion-title-1 fusion-sep-none fusion-title-text fusion-title-size-one\" style=\"--awb-text-color:#ffffff;--awb-margin-top-small:10px;--awb-margin-right-small:0px;--awb-margin-bottom-small:10px;--awb-margin-left-small:0px;--awb-font-size:3.6em;\"><h1 class=\"fusion-title-heading title-heading-left fusion-responsive-typography-calculated\" style=\"margin:0;font-size:1em;--fontSize:57.6;line-height:1.18;\">Kendi Nebolus Rallinizi d\u00fczenlemek ister misiniz?<\/h1><\/div><div class=\"fusion-text fusion-text-2 max-width-480\" style=\"--awb-content-alignment:left;--awb-text-color:#d5d5d5;\"><p>Nebolus planlama arac\u0131m\u0131z i\u00e7in \u015fimdi kaydolun ve gitmeye haz\u0131rs\u0131n\u0131z.<\/p>\n<\/div><div ><a class=\"fusion-button button-flat fusion-button-default-size button-custom fusion-button-default button-1 fusion-button-default-span fusion-button-default-type\" style=\"--button_accent_color:#ffffff;--button_accent_hover_color:#ffffff;--button_border_hover_color:#ffffff;--button_gradient_top_color:#39e6a4;--button_gradient_bottom_color:#39e6a4;--button_gradient_top_color_hover:#39e6a4;--button_gradient_bottom_color_hover:#39e6a4;--button_text_transform:uppercase;\" target=\"_blank\" rel=\"noopener noreferrer\" href=\"https:\/\/planer.nebolus.net\/auth\/login\"><i class=\"fa-angle-right fas awb-button__icon awb-button__icon--default button-icon-left\" aria-hidden=\"true\"><\/i><span class=\"fusion-button-text awb-button__text awb-button__text--default\">Kay\u0131t i\u00e7in<\/span><\/a><\/div><\/div><\/div><\/div><\/div><div class=\"fusion-fullwidth fullwidth-box fusion-builder-row-2 fusion-flex-container nonhundred-percent-fullwidth non-hundred-percent-height-scrolling\" style=\"--awb-border-radius-top-left:0px;--awb-border-radius-top-right:0px;--awb-border-radius-bottom-right:0px;--awb-border-radius-bottom-left:0px;--awb-padding-right:220px;--awb-padding-left:220px;--awb-padding-right-medium:0px;--awb-padding-left-medium:0px;--awb-padding-right-small:0px;--awb-padding-left-small:0px;--awb-margin-bottom:12px;--awb-flex-wrap:wrap;\" ><div class=\"fusion-builder-row fusion-row fusion-flex-align-items-flex-start fusion-flex-justify-content-center fusion-flex-content-wrap\" style=\"max-width:1248px;margin-left: calc(-4% \/ 2 );margin-right: calc(-4% \/ 2 );\"><div class=\"fusion-layout-column fusion_builder_column fusion-builder-column-1 fusion_builder_column_3_4 3_4 fusion-flex-column\" style=\"--awb-bg-size:cover;--awb-width-large:75%;--awb-margin-top-large:96px;--awb-spacing-right-large:2.56%;--awb-margin-bottom-large:20px;--awb-spacing-left-large:2.56%;--awb-width-medium:75%;--awb-order-medium:0;--awb-margin-top-medium:96px;--awb-spacing-right-medium:2.56%;--awb-spacing-left-medium:2.56%;--awb-width-small:100%;--awb-order-small:0;--awb-margin-top-small:96px;--awb-spacing-right-small:1.92%;--awb-spacing-left-small:1.92%;\"><div class=\"fusion-column-wrapper fusion-column-has-shadow fusion-flex-justify-content-flex-start fusion-content-layout-column\"><div class=\"fusion-title title fusion-title-2 fusion-sep-none fusion-title-text fusion-title-size-two\" style=\"--awb-text-color:#000000;--awb-margin-top-small:10px;--awb-margin-right-small:0px;--awb-margin-bottom-small:10px;--awb-margin-left-small:0px;\"><h2 class=\"fusion-title-heading title-heading-left fusion-responsive-typography-calculated\" style=\"margin:0;--fontSize:40;line-height:1.2;\">Fikirden hayata ge\u00e7irmeye.<\/h2><\/div><div class=\"fusion-title title fusion-title-3 fusion-sep-none fusion-title-text fusion-title-size-three\" style=\"--awb-margin-top:0px;--awb-margin-top-small:10px;--awb-margin-right-small:0px;--awb-margin-bottom-small:10px;--awb-margin-left-small:0px;--awb-font-size:1.5em;\"><h3 class=\"fusion-title-heading title-heading-left fusion-responsive-typography-calculated\" style=\"margin:0;font-size:1em;--fontSize:24;line-height:1.3;\">Nebolus mitingine sadece birka\u00e7 ad\u0131m.<\/h3><\/div><div class=\"fusion-text fusion-text-3\" style=\"--awb-content-alignment:left;--awb-text-transform:none;\"><p>Nebolus&#8217;u muayenehanenizde kullanmak istemenizden memnuniyet duyuyoruz. Nebolus \u00fccretsizdir ve \u00f6zel bir teknik uzmanl\u0131k gerektirmez. \u0130htiyac\u0131n\u0131z olan tek \u015fey yarat\u0131c\u0131l\u0131k ve biraz planlama. Onu \u00f6zel k\u0131lan \u015fey: Benzersiz bir ralli olu\u015fturmak i\u00e7in Nebolus&#8217;u ihtiya\u00e7lar\u0131n\u0131za ve yerel ko\u015fullara g\u00f6re kolayca \u00f6zelle\u015ftirebilirsiniz.<\/p>\n<p>Kendi Nebolus ralliniz i\u00e7in d\u00f6rt ad\u0131m:<\/p>\n<\/div><div class=\"accordian fusion-accordian\" style=\"--awb-border-size:1px;--awb-icon-size:16px;--awb-content-font-size:16px;--awb-icon-alignment:left;--awb-hover-color:#f9f9fb;--awb-border-color:#e2e2e2;--awb-background-color:#ffffff;--awb-divider-color:#e2e2e2;--awb-divider-hover-color:#e2e2e2;--awb-icon-color:#ffffff;--awb-title-color:#39e6a4;--awb-content-color:#595959;--awb-icon-box-color:var(--awb-color1);--awb-toggle-hover-accent-color:var(--awb-color1);--awb-title-font-family:&quot;Open Sans&quot;;--awb-title-font-weight:600;--awb-title-font-style:normal;--awb-content-font-family:&quot;Open Sans&quot;;--awb-content-font-style:normal;--awb-content-font-weight:400;\"><div class=\"panel-group fusion-toggle-icon-boxed\" id=\"accordion-3055-1\"><div class=\"fusion-panel panel-default panel-da5bce2bc903ab0ab fusion-toggle-has-divider\" style=\"--awb-title-color:#39e6a4;--awb-content-color:#595959;\"><div class=\"panel-heading\"><h4 class=\"panel-title toggle\" id=\"toggle_da5bce2bc903ab0ab\"><a aria-expanded=\"false\" aria-controls=\"da5bce2bc903ab0ab\" role=\"button\" data-toggle=\"collapse\" data-target=\"#da5bce2bc903ab0ab\" href=\"#da5bce2bc903ab0ab\"><span class=\"fusion-toggle-icon-wrapper\" aria-hidden=\"true\"><i class=\"fa-fusion-box active-icon awb-icon-minus\" aria-hidden=\"true\"><\/i><i class=\"fa-fusion-box inactive-icon awb-icon-plus\" aria-hidden=\"true\"><\/i><\/span><span class=\"fusion-toggle-heading\">01 Kay\u0131t<\/span><\/a><\/h4><\/div><div id=\"da5bce2bc903ab0ab\" class=\"panel-collapse collapse \" aria-labelledby=\"toggle_da5bce2bc903ab0ab\"><div class=\"panel-body toggle-content fusion-clearfix\">\n<p>Sadece birka\u00e7 ayr\u0131nt\u0131yla Nebolus planlama arac\u0131m\u0131z i\u00e7in <a href=\"https:\/\/planer.nebolus.net\/auth\/login\" target=\"_blank\" rel=\"noopener\">buradan<\/a> kaydolun.<\/p>\n<\/div><\/div><\/div><div class=\"fusion-panel panel-default panel-979b79ba2954aa427 fusion-toggle-has-divider\" style=\"--awb-title-color:#39e6a4;--awb-content-color:#595959;\"><div class=\"panel-heading\"><h4 class=\"panel-title toggle\" id=\"toggle_979b79ba2954aa427\"><a aria-expanded=\"false\" aria-controls=\"979b79ba2954aa427\" role=\"button\" data-toggle=\"collapse\" data-target=\"#979b79ba2954aa427\" href=\"#979b79ba2954aa427\"><span class=\"fusion-toggle-icon-wrapper\" aria-hidden=\"true\"><i class=\"fa-fusion-box active-icon awb-icon-minus\" aria-hidden=\"true\"><\/i><i class=\"fa-fusion-box inactive-icon awb-icon-plus\" aria-hidden=\"true\"><\/i><\/span><span class=\"fusion-toggle-heading\">02 Kilit A\u00e7ma<\/span><\/a><\/h4><\/div><div id=\"979b79ba2954aa427\" class=\"panel-collapse collapse \" aria-labelledby=\"toggle_979b79ba2954aa427\"><div class=\"panel-body toggle-content fusion-clearfix\">\n<p>Kayd\u0131n\u0131z tamamlan\u0131r tamamlanmaz, sizi planlama arac\u0131 i\u00e7in etkinle\u015ftirece\u011fiz ve size daha fazla bilgi g\u00f6nderece\u011fiz.<\/p>\n<\/div><\/div><\/div><div class=\"fusion-panel panel-default panel-a694722eaac1f811c fusion-toggle-has-divider\" style=\"--awb-title-color:#39e6a4;--awb-content-color:#595959;\"><div class=\"panel-heading\"><h4 class=\"panel-title toggle\" id=\"toggle_a694722eaac1f811c\"><a aria-expanded=\"false\" aria-controls=\"a694722eaac1f811c\" role=\"button\" data-toggle=\"collapse\" data-target=\"#a694722eaac1f811c\" href=\"#a694722eaac1f811c\"><span class=\"fusion-toggle-icon-wrapper\" aria-hidden=\"true\"><i class=\"fa-fusion-box active-icon awb-icon-minus\" aria-hidden=\"true\"><\/i><i class=\"fa-fusion-box inactive-icon awb-icon-plus\" aria-hidden=\"true\"><\/i><\/span><span class=\"fusion-toggle-heading\">03 Ralli olu\u015fturun<\/span><\/a><\/h4><\/div><div id=\"a694722eaac1f811c\" class=\"panel-collapse collapse \" aria-labelledby=\"toggle_a694722eaac1f811c\"><div class=\"panel-body toggle-content fusion-clearfix\">\n<p>\u015eimdi ba\u015flayabilirsiniz. Aktivasyonla birlikte, Nebolus rallinizin olu\u015fturulmas\u0131 ve ger\u00e7ekle\u015ftirilmesinde size destek olacak \u00f6nemli belgelere eri\u015fim elde edeceksiniz. Hikaye \u015fablonlar\u0131 ve hikaye k\u0131lavuzuna ek olarak, bir uygulama k\u0131lavuzu ve e\u015flik eden \u00f6\u011fretim materyalleri de alacaks\u0131n\u0131z.<\/p>\n<\/div><\/div><\/div><div class=\"fusion-panel panel-default panel-e7add64195953df96 fusion-toggle-has-divider\" style=\"--awb-title-color:#39e6a4;--awb-content-color:#595959;\"><div class=\"panel-heading\"><h4 class=\"panel-title toggle\" id=\"toggle_e7add64195953df96\"><a aria-expanded=\"false\" aria-controls=\"e7add64195953df96\" role=\"button\" data-toggle=\"collapse\" data-target=\"#e7add64195953df96\" href=\"#e7add64195953df96\"><span class=\"fusion-toggle-icon-wrapper\" aria-hidden=\"true\"><i class=\"fa-fusion-box active-icon awb-icon-minus\" aria-hidden=\"true\"><\/i><i class=\"fa-fusion-box inactive-icon awb-icon-plus\" aria-hidden=\"true\"><\/i><\/span><span class=\"fusion-toggle-heading\">04 Yay\u0131nla<\/span><\/a><\/h4><\/div><div id=\"e7add64195953df96\" class=\"panel-collapse collapse \" aria-labelledby=\"toggle_e7add64195953df96\"><div class=\"panel-body toggle-content fusion-clearfix\">\n<p>Nebolus mitinginizi yay\u0131nlad\u0131\u011f\u0131n\u0131z anda, hedef kitleniz Nebolus uygulamas\u0131 arac\u0131l\u0131\u011f\u0131yla mitinginize eri\u015febilir. Planlama arac\u0131 otomatik olarak mitinginiz i\u00e7in iletebilece\u011finiz bir kod olu\u015fturur.<\/p>\n<\/div><\/div><\/div><\/div><\/div>\n<div class=\"spacer-48\"><\/div>\n<div class=\"fusion-text fusion-text-4\"><p>Daha fazla deste\u011fe ihtiyac\u0131n\u0131z var m\u0131?  <a href=\"https:\/\/nebolus.net\/tr\/?page_id=3043\">Bizimle ileti\u015fime ge\u00e7in!<\/a><\/p>\n<\/div><\/div><\/div><\/div><\/div><\/p>\n","protected":false},"excerpt":{"rendered":"","protected":false},"author":4,"featured_media":0,"parent":0,"menu_order":0,"comment_status":"closed","ping_status":"closed","template":"","meta":{"_acf_changed":false,"inline_featured_image":false,"footnotes":""},"class_list":["post-3055","page","type-page","status-publish","hentry"],"acf":[],"_links":{"self":[{"href":"https:\/\/nebolus.net\/tr\/wp-json\/wp\/v2\/pages\/3055","targetHints":{"allow":["GET"]}}],"collection":[{"href":"https:\/\/nebolus.net\/tr\/wp-json\/wp\/v2\/pages"}],"about":[{"href":"https:\/\/nebolus.net\/tr\/wp-json\/wp\/v2\/types\/page"}],"author":[{"embeddable":true,"href":"https:\/\/nebolus.net\/tr\/wp-json\/wp\/v2\/users\/4"}],"replies":[{"embeddable":true,"href":"https:\/\/nebolus.net\/tr\/wp-json\/wp\/v2\/comments?post=3055"}],"version-history":[{"count":1,"href":"https:\/\/nebolus.net\/tr\/wp-json\/wp\/v2\/pages\/3055\/revisions"}],"predecessor-version":[{"id":3057,"href":"https:\/\/nebolus.net\/tr\/wp-json\/wp\/v2\/pages\/3055\/revisions\/3057"}],"wp:attachment":[{"href":"https:\/\/nebolus.net\/tr\/wp-json\/wp\/v2\/media?parent=3055"}],"curies":[{"name":"wp","href":"https:\/\/api.w.org\/{rel}","templated":true}]}}